{"id":1529,"date":"2023-09-26T15:37:23","date_gmt":"2023-09-26T13:37:23","guid":{"rendered":"https:\/\/miurltemporal.com\/main\/cerveceriasantana.es\/?page_id=1529"},"modified":"2026-03-27T13:41:24","modified_gmt":"2026-03-27T12:41:24","slug":"aviso-legal","status":"publish","type":"page","link":"https:\/\/www.xn--cervecerasantana-gsb.es\/en\/aviso-legal\/","title":{"rendered":"Legal Notice"},"content":{"rendered":"<h2 class=\"wp-block-heading\"><\/h2>\n\n\n\n<p>The present Terms of Use, together with any other specific conditions that may be established, are for the purpose of the website<strong> cerveceriasantana.es<\/strong>hereinafter the website as well as the conditions of purchase of products through it. In accordance with the provisions of the Law on Information Society Services (LSSI), users are informed that <strong>cerveceriasantana.es<\/strong> is a website owned by <strong>Eloy Arias Mena<\/strong> and tax identification number: 43512255G<\/p>\n\n\n\n<blockquote class=\"wp-block-quote is-layout-flow wp-block-quote-is-layout-flow\">\n<p><strong>Phone Number<\/strong><\/p>\n\n\n\n<p>933 455 014<\/p>\n<\/blockquote>\n\n\n\n<blockquote class=\"wp-block-quote is-layout-flow wp-block-quote-is-layout-flow\">\n<p><strong>Email Adress<\/strong><\/p>\n\n\n\n<p><br><\/p>\n\n\n\n<a href=\"mailto:contacto@xn--cervecerasantana-gsb.es\">contacto@cerveceriasantana.es<\/a>\n\n\n\n<p><\/p>\n<\/blockquote>\n\n\n\n<p><\/p>","protected":false},"excerpt":{"rendered":"<p>Las presentes Condiciones de Uso, junto con otras condiciones particulares que puedan establecerse, tienen por objeto el sitio web cerveceriasantana.es, en adelante la web as\u00ed como la condiciones de compra de productos a trav\u00e9s del mismo. Conforme a lo establecido en la ley de Servicios de la Sociedad de la Informaci\u00f3n (LSSI), se informa a [&hellip;]<\/p>\n","protected":false},"author":1,"featured_media":0,"parent":0,"menu_order":0,"comment_status":"closed","ping_status":"closed","template":"","meta":{"footnotes":""},"class_list":["post-1529","page","type-page","status-publish","hentry"],"aioseo_notices":[],"_links":{"self":[{"href":"https:\/\/www.xn--cervecerasantana-gsb.es\/en\/wp-json\/wp\/v2\/pages\/1529","targetHints":{"allow":["GET"]}}],"collection":[{"href":"https:\/\/www.xn--cervecerasantana-gsb.es\/en\/wp-json\/wp\/v2\/pages"}],"about":[{"href":"https:\/\/www.xn--cervecerasantana-gsb.es\/en\/wp-json\/wp\/v2\/types\/page"}],"author":[{"embeddable":true,"href":"https:\/\/www.xn--cervecerasantana-gsb.es\/en\/wp-json\/wp\/v2\/users\/1"}],"replies":[{"embeddable":true,"href":"https:\/\/www.xn--cervecerasantana-gsb.es\/en\/wp-json\/wp\/v2\/comments?post=1529"}],"version-history":[{"count":14,"href":"https:\/\/www.xn--cervecerasantana-gsb.es\/en\/wp-json\/wp\/v2\/pages\/1529\/revisions"}],"predecessor-version":[{"id":2170,"href":"https:\/\/www.xn--cervecerasantana-gsb.es\/en\/wp-json\/wp\/v2\/pages\/1529\/revisions\/2170"}],"wp:attachment":[{"href":"https:\/\/www.xn--cervecerasantana-gsb.es\/en\/wp-json\/wp\/v2\/media?parent=1529"}],"curies":[{"name":"wp","href":"https:\/\/api.w.org\/{rel}","templated":true}]}}