{"id":154,"date":"2018-11-15T11:08:38","date_gmt":"2018-11-15T11:08:38","guid":{"rendered":"http:\/\/demo.acmethemes.com\/restaurant-recipe\/?page_id=27"},"modified":"2024-09-19T13:12:29","modified_gmt":"2024-09-19T11:12:29","slug":"nosotros","status":"publish","type":"page","link":"https:\/\/www.xn--cervecerasantana-gsb.es\/en\/nosotros\/","title":{"rendered":"About"},"content":{"rendered":"<div id=\"pl-154\"  class=\"panel-layout\" ><div id=\"pg-154-0\"  class=\"panel-grid panel-no-style\" ><div id=\"pgc-154-0-0\"  class=\"panel-grid-cell\" ><div id=\"panel-154-0-0-0\" class=\"so-panel widget widget_restaurant_recipe_about panel-first-child\" data-index=\"0\" >            <section id=\"restaurant_recipe_about-8\" class=\"at-widgets at-feature-about\">\n                <div class=\"container\">\n                    <div class=\"row\">\n                                                    <div class=\"col-sm-6 init-animate zoomIn\">\n                                <div class=\"at-feature-about-img\">\n                                    <img decoding=\"async\" src=\"\/wp-content\/uploads\/2023\/09\/santanaexterior.png\">\n                                <\/div>\n                            <\/div>\n                                                    <div class=\"col-sm-6\">\n                            <div class='at-widget-title-wrapper'><h3 class=\"widget-title\">About Us<\/h3>                                    <p class=\"at-subtitle init-animate zoomIn\">We are experts in serving the best traditional dishes since 1977 in Trinitat Vella, Barcelona.<\/p>\n\t\t                            <\/div><p class='init-animate zoomIn'>For more than five decades, our beloved bar restaurant has been a mainstay in the heart of Trinitat Vella, Barcelona.\nFounded by our family in 1977, we have witnessed generations of customers enjoying our warm atmosphere and delicious flavours. We are proud to continue the family legacy of offering a unique brewery experience, where authentic Iberian cured meats and exquisite game dishes are our speciality.\nJoin us and be a part of our history as we continue to celebrate the rich culinary tradition and welcoming spirit that has defined us for decades.\nthat has defined us for decades.<\/p>                        <\/div>\n                    <\/div>\n                <\/div>\n            <\/section>\n            <\/div><div id=\"panel-154-0-0-1\" class=\"so-panel widget widget_restaurant_recipe_service panel-last-child\" data-index=\"1\" >            <section id=\"restaurant_recipe_service-5\" class=\"at-widgets acme-services  normal at-parallax\" style=\"background-image:url(https:\/\/demo.acmethemes.com\/restaurant-recipe\/wp-content\/uploads\/2018\/11\/pexels-photo-1268551.jpeg);background-repeat:no-repeat;background-size:cover;background-attachment:fixed;background-position: center;\">\n                <div class=\"container\">\n\n\t\t\t\t\t<div class='at-widget-title-wrapper'><h3 class=\"widget-title\">Our services<\/h3><\/div>                    <div class=\"row featured-entries-col featured-entries-logo\">\n\t\t\t\t\t\t                                    <div class=\"single-list col-sm-3 col-md-3 column\">\n                                        <div class=\"single-item init-animate zoomIn\">\n                                            <div class=\"icon clearfix\">\n\t\t\t\t\t\t\t\t\t\t\t\t<a href=\"https:\/\/www.xn--cervecerasantana-gsb.es\/en\/eventos\/\" class=\"all-link\">                                                    <i class=\"fa fa-beer\"><\/i>\n\t\t\t\t\t\t\t\t\t\t\t\t\t<\/a>                                            <\/div>\n                                            <h3 class=\"title\">\n\t\t\t\t\t\t\t\t\t\t\t\t<a href=\"https:\/\/www.xn--cervecerasantana-gsb.es\/en\/eventos\/\" class=\"all-link\">Private events<\/a>                                            <\/h3>\n\t\t\t\t\t\t\t\t\t\t\t                                                <div class=\"content\">\n                                                    <div class=\"details\">\n\t\t\t\t\t\t\t\t\t\t\t\t\t\t<p>We offer the option of booking special menus for groups.<\/p>\n                                                    <\/div>\n                                                <\/div>\n\t\t\t\t\t\t\t\t\t\t\t\t                                        <\/div>\n                                    <\/div>\n\t\t\t\t\t\t\t\t\t                                    <div class=\"single-list col-sm-3 col-md-3 column\">\n                                        <div class=\"single-item init-animate zoomIn\">\n                                            <div class=\"icon clearfix\">\n\t\t\t\t\t\t\t\t\t\t\t\t<a href=\"https:\/\/www.xn--cervecerasantana-gsb.es\/en\/take-away\/\" class=\"all-link\">                                                    <i class=\"fa fa-shopping-bag\"><\/i>\n\t\t\t\t\t\t\t\t\t\t\t\t\t<\/a>                                            <\/div>\n                                            <h3 class=\"title\">\n\t\t\t\t\t\t\t\t\t\t\t\t<a href=\"https:\/\/www.xn--cervecerasantana-gsb.es\/en\/take-away\/\" class=\"all-link\">Take Away<\/a>                                            <\/h3>\n\t\t\t\t\t\t\t\t\t\t\t                                                <div class=\"content\">\n                                                    <div class=\"details\">\n\t\t\t\t\t\t\t\t\t\t\t\t\t\t<p>Enjoy our best dishes and taste them wherever you prefer.<\/p>\n                                                    <\/div>\n                                                <\/div>\n\t\t\t\t\t\t\t\t\t\t\t\t                                        <\/div>\n                                    <\/div>\n\t\t\t\t\t\t\t\t\t                                    <div class=\"single-list col-sm-3 col-md-3 column\">\n                                        <div class=\"single-item init-animate zoomIn\">\n                                            <div class=\"icon clearfix\">\n\t\t\t\t\t\t\t\t\t\t\t\t<a href=\"https:\/\/www.xn--cervecerasantana-gsb.es\/en\/grupos\/\" class=\"all-link\">                                                    <i class=\"fa fa-address-book\"><\/i>\n\t\t\t\t\t\t\t\t\t\t\t\t\t<\/a>                                            <\/div>\n                                            <h3 class=\"title\">\n\t\t\t\t\t\t\t\t\t\t\t\t<a href=\"https:\/\/www.xn--cervecerasantana-gsb.es\/en\/grupos\/\" class=\"all-link\">Group menus<\/a>                                            <\/h3>\n\t\t\t\t\t\t\t\t\t\t\t                                                <div class=\"content\">\n                                                    <div class=\"details\">\n\t\t\t\t\t\t\t\t\t\t\t\t\t\t<p>Cervecer\u00eda Santana also offers menus for groups by reservation.<\/p>\n                                                    <\/div>\n                                                <\/div>\n\t\t\t\t\t\t\t\t\t\t\t\t                                        <\/div>\n                                    <\/div>\n\t\t\t\t\t\t\t\t\t                                    <div class=\"single-list col-sm-3 col-md-3 column\">\n                                        <div class=\"single-item init-animate zoomIn\">\n                                            <div class=\"icon clearfix\">\n\t\t\t\t\t\t\t\t\t\t\t\t<a href=\"https:\/\/www.xn--cervecerasantana-gsb.es\/en\/catering-2\/\" class=\"all-link\">                                                    <i class=\"fa fa-cutlery\"><\/i>\n\t\t\t\t\t\t\t\t\t\t\t\t\t<\/a>                                            <\/div>\n                                            <h3 class=\"title\">\n\t\t\t\t\t\t\t\t\t\t\t\t<a href=\"https:\/\/www.xn--cervecerasantana-gsb.es\/en\/catering-2\/\" class=\"all-link\">Catering<\/a>                                            <\/h3>\n\t\t\t\t\t\t\t\t\t\t\t                                                <div class=\"content\">\n                                                    <div class=\"details\">\n\t\t\t\t\t\t\t\t\t\t\t\t\t\t<p>Our restaurant also offers an excellent catering service<\/p>\n                                                    <\/div>\n                                                <\/div>\n\t\t\t\t\t\t\t\t\t\t\t\t                                        <\/div>\n                                    <\/div>\n\t\t\t\t\t\t\t\t\t                    <\/div><!--row-->\n                <\/div><!--cointainer-->\n            <\/section>\n\t\t\t<\/div><\/div><\/div><\/div>","protected":false},"excerpt":{"rendered":"<p>Sobre Nosotros Somos expertos en servir los mejores platos tradicionales desde 1977 en Trinitat Vella, Barcelona Desde hace m\u00e1s de cinco d\u00e9cadas, nuestro querido bar restaurante ha sido un pilar en el coraz\u00f3n de Trinitat Vella, Barcelona Fundado por nuestra familia en 1977, hemos sido testigos de generaciones de clientes que han disfrutado de nuestro [&hellip;]<\/p>\n","protected":false},"author":1,"featured_media":0,"parent":0,"menu_order":0,"comment_status":"closed","ping_status":"closed","template":"page-templates\/template-builder.php","meta":{"footnotes":""},"class_list":["post-154","page","type-page","status-publish","hentry"],"aioseo_notices":[],"_links":{"self":[{"href":"https:\/\/www.xn--cervecerasantana-gsb.es\/en\/wp-json\/wp\/v2\/pages\/154","targetHints":{"allow":["GET"]}}],"collection":[{"href":"https:\/\/www.xn--cervecerasantana-gsb.es\/en\/wp-json\/wp\/v2\/pages"}],"about":[{"href":"https:\/\/www.xn--cervecerasantana-gsb.es\/en\/wp-json\/wp\/v2\/types\/page"}],"author":[{"embeddable":true,"href":"https:\/\/www.xn--cervecerasantana-gsb.es\/en\/wp-json\/wp\/v2\/users\/1"}],"replies":[{"embeddable":true,"href":"https:\/\/www.xn--cervecerasantana-gsb.es\/en\/wp-json\/wp\/v2\/comments?post=154"}],"version-history":[{"count":41,"href":"https:\/\/www.xn--cervecerasantana-gsb.es\/en\/wp-json\/wp\/v2\/pages\/154\/revisions"}],"predecessor-version":[{"id":1907,"href":"https:\/\/www.xn--cervecerasantana-gsb.es\/en\/wp-json\/wp\/v2\/pages\/154\/revisions\/1907"}],"wp:attachment":[{"href":"https:\/\/www.xn--cervecerasantana-gsb.es\/en\/wp-json\/wp\/v2\/media?parent=154"}],"curies":[{"name":"wp","href":"https:\/\/api.w.org\/{rel}","templated":true}]}}