{"id":88,"date":"2018-11-16T04:43:22","date_gmt":"2018-11-16T04:43:22","guid":{"rendered":"http:\/\/demo.acmethemes.com\/restaurant-recipe\/?page_id=167"},"modified":"2023-09-28T12:53:15","modified_gmt":"2023-09-28T10:53:15","slug":"servicios","status":"publish","type":"page","link":"https:\/\/www.xn--cervecerasantana-gsb.es\/en\/servicios\/","title":{"rendered":"Services"},"content":{"rendered":"<div id=\"pl-88\"  class=\"panel-layout\" ><div id=\"pg-88-0\"  class=\"panel-grid panel-no-style\" ><div id=\"pgc-88-0-0\"  class=\"panel-grid-cell\" ><div id=\"panel-88-0-0-0\" class=\"so-panel widget widget_restaurant_recipe_service panel-first-child panel-last-child\" data-index=\"0\" >            <section id=\"servicios\" class=\"at-widgets acme-services  feature at-no-parallax\" style=\"\">\n                <div class=\"container\">\n\n\t\t\t\t\t<div class='at-widget-title-wrapper'><h3 class=\"widget-title\">Services<\/h3><\/div>                    <div class=\"row featured-entries-col featured-entries-logo\">\n\t\t\t\t\t\t                                    <div class=\"single-list col-sm-3 col-md-3 column\">\n                                        <div class=\"single-item init-animate zoomIn\">\n                                            <div class=\"icon clearfix\">\n\t\t\t\t\t\t\t\t\t\t\t\t<a href=\"https:\/\/www.xn--cervecerasantana-gsb.es\/en\/eventos\/\" class=\"all-link\">                                                    <i class=\"fa fa-beer\"><\/i>\n\t\t\t\t\t\t\t\t\t\t\t\t\t<\/a>                                            <\/div>\n                                            <h3 class=\"title\">\n\t\t\t\t\t\t\t\t\t\t\t\t<a href=\"https:\/\/www.xn--cervecerasantana-gsb.es\/en\/eventos\/\" class=\"all-link\">Private events<\/a>                                            <\/h3>\n\t\t\t\t\t\t\t\t\t\t\t                                                <div class=\"content\">\n                                                    <div class=\"details\">\n\t\t\t\t\t\t\t\t\t\t\t\t\t\t<p>We offer the option of booking special menus for groups.<\/p>\n                                                    <\/div>\n                                                <\/div>\n\t\t\t\t\t\t\t\t\t\t\t\t                                        <\/div>\n                                    <\/div>\n\t\t\t\t\t\t\t\t\t                                    <div class=\"single-list col-sm-3 col-md-3 column\">\n                                        <div class=\"single-item init-animate zoomIn\">\n                                            <div class=\"icon clearfix\">\n\t\t\t\t\t\t\t\t\t\t\t\t<a href=\"https:\/\/www.xn--cervecerasantana-gsb.es\/en\/take-away\/\" class=\"all-link\">                                                    <i class=\"fa fa-shopping-bag\"><\/i>\n\t\t\t\t\t\t\t\t\t\t\t\t\t<\/a>                                            <\/div>\n                                            <h3 class=\"title\">\n\t\t\t\t\t\t\t\t\t\t\t\t<a href=\"https:\/\/www.xn--cervecerasantana-gsb.es\/en\/take-away\/\" class=\"all-link\">Take Away<\/a>                                            <\/h3>\n\t\t\t\t\t\t\t\t\t\t\t                                                <div class=\"content\">\n                                                    <div class=\"details\">\n\t\t\t\t\t\t\t\t\t\t\t\t\t\t<p>Enjoy our best dishes and taste them wherever you prefer.<\/p>\n                                                    <\/div>\n                                                <\/div>\n\t\t\t\t\t\t\t\t\t\t\t\t                                        <\/div>\n                                    <\/div>\n\t\t\t\t\t\t\t\t\t                                    <div class=\"single-list col-sm-3 col-md-3 column\">\n                                        <div class=\"single-item init-animate zoomIn\">\n                                            <div class=\"icon clearfix\">\n\t\t\t\t\t\t\t\t\t\t\t\t<a href=\"https:\/\/www.xn--cervecerasantana-gsb.es\/en\/grupos\/\" class=\"all-link\">                                                    <i class=\"fa fa-address-book\"><\/i>\n\t\t\t\t\t\t\t\t\t\t\t\t\t<\/a>                                            <\/div>\n                                            <h3 class=\"title\">\n\t\t\t\t\t\t\t\t\t\t\t\t<a href=\"https:\/\/www.xn--cervecerasantana-gsb.es\/en\/grupos\/\" class=\"all-link\">Group menus<\/a>                                            <\/h3>\n\t\t\t\t\t\t\t\t\t\t\t                                                <div class=\"content\">\n                                                    <div class=\"details\">\n\t\t\t\t\t\t\t\t\t\t\t\t\t\t<p>Cervecer\u00eda Santana also offers menus for groups by reservation.<\/p>\n                                                    <\/div>\n                                                <\/div>\n\t\t\t\t\t\t\t\t\t\t\t\t                                        <\/div>\n                                    <\/div>\n\t\t\t\t\t\t\t\t\t                                    <div class=\"single-list col-sm-3 col-md-3 column\">\n                                        <div class=\"single-item init-animate zoomIn\">\n                                            <div class=\"icon clearfix\">\n\t\t\t\t\t\t\t\t\t\t\t\t<a href=\"https:\/\/www.xn--cervecerasantana-gsb.es\/en\/catering-2\/\" class=\"all-link\">                                                    <i class=\"fa fa-cutlery\"><\/i>\n\t\t\t\t\t\t\t\t\t\t\t\t\t<\/a>                                            <\/div>\n                                            <h3 class=\"title\">\n\t\t\t\t\t\t\t\t\t\t\t\t<a href=\"https:\/\/www.xn--cervecerasantana-gsb.es\/en\/catering-2\/\" class=\"all-link\">Catering<\/a>                                            <\/h3>\n\t\t\t\t\t\t\t\t\t\t\t                                                <div class=\"content\">\n                                                    <div class=\"details\">\n\t\t\t\t\t\t\t\t\t\t\t\t\t\t<p>Our restaurant also offers an excellent catering service<\/p>\n                                                    <\/div>\n                                                <\/div>\n\t\t\t\t\t\t\t\t\t\t\t\t                                        <\/div>\n                                    <\/div>\n\t\t\t\t\t\t\t\t\t                    <\/div><!--row-->\n                <\/div><!--cointainer-->\n            <\/section>\n\t\t\t<\/div><\/div><\/div><\/div>","protected":false},"excerpt":{"rendered":"<p>Servicios Eventos privados Ofrecemos la opci\u00f3n de reservar men\u00fas especiales para grupos Para llevar Disfruta de nuestros mejores platos y deg\u00fastalos donde prefieras Men\u00fa para grupos Cervecer\u00eda Santana tambi\u00e9n ofrece men\u00fas para grupos bajo reserva Catering Nuestro restaurante tambi\u00e9n ofrece un excelente servicio de catering<\/p>","protected":false},"author":1,"featured_media":0,"parent":0,"menu_order":0,"comment_status":"closed","ping_status":"closed","template":"page-templates\/template-builder.php","meta":{"footnotes":""},"class_list":["post-88","page","type-page","status-publish","hentry"],"aioseo_notices":[],"_links":{"self":[{"href":"https:\/\/www.xn--cervecerasantana-gsb.es\/en\/wp-json\/wp\/v2\/pages\/88","targetHints":{"allow":["GET"]}}],"collection":[{"href":"https:\/\/www.xn--cervecerasantana-gsb.es\/en\/wp-json\/wp\/v2\/pages"}],"about":[{"href":"https:\/\/www.xn--cervecerasantana-gsb.es\/en\/wp-json\/wp\/v2\/types\/page"}],"author":[{"embeddable":true,"href":"https:\/\/www.xn--cervecerasantana-gsb.es\/en\/wp-json\/wp\/v2\/users\/1"}],"replies":[{"embeddable":true,"href":"https:\/\/www.xn--cervecerasantana-gsb.es\/en\/wp-json\/wp\/v2\/comments?post=88"}],"version-history":[{"count":11,"href":"https:\/\/www.xn--cervecerasantana-gsb.es\/en\/wp-json\/wp\/v2\/pages\/88\/revisions"}],"predecessor-version":[{"id":1003,"href":"https:\/\/www.xn--cervecerasantana-gsb.es\/en\/wp-json\/wp\/v2\/pages\/88\/revisions\/1003"}],"wp:attachment":[{"href":"https:\/\/www.xn--cervecerasantana-gsb.es\/en\/wp-json\/wp\/v2\/media?parent=88"}],"curies":[{"name":"wp","href":"https:\/\/api.w.org\/{rel}","templated":true}]}}